{"id":29,"date":"2019-06-09T08:17:36","date_gmt":"2019-06-09T08:17:36","guid":{"rendered":"http:\/\/kompetente-eltern.com\/?page_id=29"},"modified":"2021-07-13T08:10:12","modified_gmt":"2021-07-13T08:10:12","slug":"ueber-mich","status":"publish","type":"page","link":"http:\/\/kompetente-eltern.com\/?page_id=29","title":{"rendered":"\u00dcber mich"},"content":{"rendered":"<p><span style=\"color: #7cb2b2;\"><strong><img decoding=\"async\" loading=\"lazy\" class=\"wp-image-154 size-medium alignright\" src=\"http:\/\/kompetente-eltern.com\/wp-content\/uploads\/2019\/06\/MartinaHellemeierV1-200x300.jpg\" alt=\"\" width=\"200\" height=\"300\" srcset=\"http:\/\/kompetente-eltern.com\/wp-content\/uploads\/2019\/06\/MartinaHellemeierV1-200x300.jpg 200w, http:\/\/kompetente-eltern.com\/wp-content\/uploads\/2019\/06\/MartinaHellemeierV1-768x1152.jpg 768w, http:\/\/kompetente-eltern.com\/wp-content\/uploads\/2019\/06\/MartinaHellemeierV1-683x1024.jpg 683w, http:\/\/kompetente-eltern.com\/wp-content\/uploads\/2019\/06\/MartinaHellemeierV1-180x270.jpg 180w, http:\/\/kompetente-eltern.com\/wp-content\/uploads\/2019\/06\/MartinaHellemeierV1.jpg 783w\" sizes=\"(max-width: 200px) 100vw, 200px\" \/>Wie ich lebe\u00a0<\/strong><\/span><\/p>\n<p><span style=\"color: #7cb2b2;\">Ich hei\u00dfe Martina Hellemeier und lebe mit meiner Familie seit Oktober 2013 im Soester Ardey. Ich bin Jahrgang 1981 und seit<\/span><br \/>\n<span style=\"color: #7cb2b2;\">2017 als <span style=\"text-align: left; text-transform: none; text-indent: 0px; letter-spacing: normal; font-family: Georgia,'Times New Roman','Bitstream Charter',Times,serif; font-size: 16px; font-style: normal; font-variant: normal; font-weight: 400; text-decoration: none; word-spacing: 0px; display: inline !important; white-space: normal; cursor: text; orphans: 2; float: none; -webkit-text-stroke-width: 0px; background-color: transparent;\">Coach, <\/span>Trainerin und Referentin t\u00e4tig.<\/span><\/p>\n<p><span style=\"color: #7cb2b2;\">Zu mir geh\u00f6ren mein Mann Stefan und unsere gemeinsamen T\u00f6chter.<\/span><\/p>\n<p><span style=\"color: #7cb2b2;\"><strong>Wie ich arbeite<\/strong><\/span><\/p>\n<p><span style=\"color: #7cb2b2;\">Ich sehe mich als Mensch, der Anderen mit Gleichwertigkeit und auf Augenh\u00f6he begegnet. So ist es mir stets ein Anliegen, meine Beratungen so aufzubauen, dass ich meine Kunden dort abhole, wo sie sich gerade befinden. Es mir wichtig sie einf\u00fchlsam, individuell und ermutigend auf ihrem Weg zu begleiten.<\/span><\/p>\n<p><span style=\"color: #7cb2b2;\">Ein Leitsatz der mich in meiner Arbeit begleitet lautet: &#8222;Mut steht am Anfang des Handelns, Gl\u00fcck am Ende.&#8220;<\/span><\/p>\n<p><span style=\"color: #7cb2b2;\"><b>Mein beruflicher Werdegang<br \/>\n<\/b><\/span><\/p>\n<p><span style=\"color: #7cb2b2;\">seit 2002 &#8211; Staatlich anerkannte Erzieherin<\/span><br \/>\n<span style=\"color: #7cb2b2;\">2002 &#8211; 2016 &#8211; Erzieherin in einer privaten Kindertagesst\u00e4tte<\/span><br \/>\n<span style=\"color: #7cb2b2;\">Erg\u00e4nzungskraft, Gruppenleitung, stellvertretende Einrichtungsleitung<\/span><br \/>\n<span style=\"color: #7cb2b2;\">seit 2016 &#8211; selbstst\u00e4ndige Tagesmutter<\/span><br \/>\n<span style=\"color: #7cb2b2;\">seit 2017 &#8211; Mitglied einer Aufstellungsgruppe zur systemischen Arbeit<\/span><br \/>\n<span style=\"color: #7cb2b2;\">seit 2017 &#8211; Individual Psychologische Beraterin<\/span><br \/>\n<span style=\"color: #7cb2b2;\">seit 2017 &#8211; Einzelberatungen zu individuellen Lebensfragen (Familie, Partnerschaft, Beruf)<\/span><br \/>\n<span style=\"color: #7cb2b2;\">seit 2017 &#8211; Projekt Kompetente Eltern &#8211; regelm\u00e4\u00dfige Treffen in einer festen Gruppe<\/span><br \/>\n<span style=\"color: #7cb2b2;\">seit 2018 &#8211; Familienrat-Trainerin nach Rudolf Dreikurs<\/span><br \/>\n<span style=\"color: #7cb2b2;\">seit 2018 &#8211; Referentin f\u00fcr Erziehungsthemen in Kinderg\u00e4rten\/Kindertageseinrichtungen<\/span><br \/>\n<span style=\"color: #7298c4;\">seit 2020 Projekt Mut Mach Frauen<\/span><\/p>\n<p><span style=\"color: #7298c4;\">seit 2020 Projekt Mut Mach Kinder<\/span><br \/>\n<span style=\"color: #7298c4;\">seit 2021 Encouraging Trainerin nach Theo Schonaker<\/span><br \/>\n<span style=\"color: #7298c4;\">Fortbildung zum Thema Trauma und Traumafolgest\u00f6rungen<\/span><\/p>\n","protected":false},"excerpt":{"rendered":"<p>Wie ich lebe\u00a0 Ich hei\u00dfe Martina Hellemeier und lebe mit meiner Familie seit Oktober 2013 im Soester Ardey. Ich bin Jahrgang 1981 und seit 2017 als Coach, Trainerin und Referentin t\u00e4tig. Zu mir geh\u00f6ren mein Mann Stefan und unsere gemeinsamen T\u00f6chter. Wie ich arbeite Ich sehe mich als Mensch, der Anderen mit Gleichwertigkeit und auf Augenh\u00f6he begegnet. So ist es mir stets ein Anliegen, meine Beratungen so aufzubauen, dass ich meine Kunden dort abhole, wo sie sich gerade befinden. Es&#8230;<\/p>\n<p class=\"read-more\"><a class=\"btn btn-default\" href=\"http:\/\/kompetente-eltern.com\/?page_id=29\">Weiterlesen<span class=\"screen-reader-text\"> Weiterlesen<\/span><\/a><\/p>\n","protected":false},"author":1,"featured_media":0,"parent":0,"menu_order":0,"comment_status":"closed","ping_status":"closed","template":"","meta":[],"_links":{"self":[{"href":"http:\/\/kompetente-eltern.com\/index.php?rest_route=\/wp\/v2\/pages\/29"}],"collection":[{"href":"http:\/\/kompetente-eltern.com\/index.php?rest_route=\/wp\/v2\/pages"}],"about":[{"href":"http:\/\/kompetente-eltern.com\/index.php?rest_route=\/wp\/v2\/types\/page"}],"author":[{"embeddable":true,"href":"http:\/\/kompetente-eltern.com\/index.php?rest_route=\/wp\/v2\/users\/1"}],"replies":[{"embeddable":true,"href":"http:\/\/kompetente-eltern.com\/index.php?rest_route=%2Fwp%2Fv2%2Fcomments&post=29"}],"version-history":[{"count":8,"href":"http:\/\/kompetente-eltern.com\/index.php?rest_route=\/wp\/v2\/pages\/29\/revisions"}],"predecessor-version":[{"id":186,"href":"http:\/\/kompetente-eltern.com\/index.php?rest_route=\/wp\/v2\/pages\/29\/revisions\/186"}],"wp:attachment":[{"href":"http:\/\/kompetente-eltern.com\/index.php?rest_route=%2Fwp%2Fv2%2Fmedia&parent=29"}],"curies":[{"name":"wp","href":"https:\/\/api.w.org\/{rel}","templated":true}]}}