{"id":33,"date":"2019-06-09T08:24:16","date_gmt":"2019-06-09T08:24:16","guid":{"rendered":"http:\/\/kompetente-eltern.com\/?page_id=33"},"modified":"2019-06-09T13:22:12","modified_gmt":"2019-06-09T13:22:12","slug":"elternkurs","status":"publish","type":"page","link":"http:\/\/kompetente-eltern.com\/?page_id=33","title":{"rendered":"Elternkurs"},"content":{"rendered":"\n<p style=\"background-color:#7cb2b2;color:#fcfcfc\" class=\"has-text-color has-background\">Seit 2017 biete ich in regelm\u00e4\u00dfigen Abst\u00e4nden Abende rund um Themen des Familienlebens an. Hierbei geht es um einen fachlichen, ermutigenden Austausch unter Anleitung, um gelassen, motiviert, entspannt und mit Freude durch den Familienalltag zu kommen.<br> <br>Ich sehe mich als Begleiterin mit praktischen Hilfestellungen, die aus ihrer langj\u00e4hrigen Erfahrung als Coach, Erzieherin und Mutter sch\u00f6pfen kann. <br><br>Die Elternkurse finden Dienstags in der Zeit zwischen 19.00 Uhr und 20.30 Uhr in den R\u00e4umen des Yoga Studios &#8222;Deine Mitte&#8220; &#8211; Am Riga Ring 2-4 in Soest &#8211; statt.<br><br>Aktuelle Termine zum Kursstart entnehmen Sie bitte den aktuellen Terminen.<br><br>Sollte ich Ihr Interesse geweckt haben, freue mich Sie pers\u00f6nlich kennenzulernen.<\/p>\n\n\n\n<figure class=\"wp-block-image\"><img decoding=\"async\" loading=\"lazy\" width=\"1024\" height=\"751\" src=\"http:\/\/kompetente-eltern.com\/wp-content\/uploads\/2019\/06\/CYMERA_20190609_151916-1024x751.jpg\" alt=\"\" class=\"wp-image-173\" srcset=\"http:\/\/kompetente-eltern.com\/wp-content\/uploads\/2019\/06\/CYMERA_20190609_151916-1024x751.jpg 1024w, http:\/\/kompetente-eltern.com\/wp-content\/uploads\/2019\/06\/CYMERA_20190609_151916-300x220.jpg 300w, http:\/\/kompetente-eltern.com\/wp-content\/uploads\/2019\/06\/CYMERA_20190609_151916-768x564.jpg 768w, http:\/\/kompetente-eltern.com\/wp-content\/uploads\/2019\/06\/CYMERA_20190609_151916-368x270.jpg 368w, http:\/\/kompetente-eltern.com\/wp-content\/uploads\/2019\/06\/CYMERA_20190609_151916.jpg 1954w\" sizes=\"(max-width: 1024px) 100vw, 1024px\" \/><\/figure>\n","protected":false},"excerpt":{"rendered":"<p>Seit 2017 biete ich in regelm\u00e4\u00dfigen Abst\u00e4nden Abende rund um Themen des Familienlebens an. Hierbei geht es um einen fachlichen, ermutigenden Austausch unter Anleitung, um gelassen, motiviert, entspannt und mit Freude durch den Familienalltag zu kommen. Ich sehe mich als Begleiterin mit praktischen Hilfestellungen, die aus ihrer langj\u00e4hrigen Erfahrung als Coach, Erzieherin und Mutter sch\u00f6pfen kann. Die Elternkurse finden Dienstags in der Zeit zwischen 19.00 Uhr und 20.30 Uhr in den R\u00e4umen des Yoga Studios &#8222;Deine Mitte&#8220; &#8211; Am Riga&#8230;<\/p>\n<p class=\"read-more\"><a class=\"btn btn-default\" href=\"http:\/\/kompetente-eltern.com\/?page_id=33\">Weiterlesen<span class=\"screen-reader-text\"> Weiterlesen<\/span><\/a><\/p>\n","protected":false},"author":1,"featured_media":0,"parent":0,"menu_order":0,"comment_status":"closed","ping_status":"closed","template":"","meta":[],"_links":{"self":[{"href":"http:\/\/kompetente-eltern.com\/index.php?rest_route=\/wp\/v2\/pages\/33"}],"collection":[{"href":"http:\/\/kompetente-eltern.com\/index.php?rest_route=\/wp\/v2\/pages"}],"about":[{"href":"http:\/\/kompetente-eltern.com\/index.php?rest_route=\/wp\/v2\/types\/page"}],"author":[{"embeddable":true,"href":"http:\/\/kompetente-eltern.com\/index.php?rest_route=\/wp\/v2\/users\/1"}],"replies":[{"embeddable":true,"href":"http:\/\/kompetente-eltern.com\/index.php?rest_route=%2Fwp%2Fv2%2Fcomments&post=33"}],"version-history":[{"count":5,"href":"http:\/\/kompetente-eltern.com\/index.php?rest_route=\/wp\/v2\/pages\/33\/revisions"}],"predecessor-version":[{"id":174,"href":"http:\/\/kompetente-eltern.com\/index.php?rest_route=\/wp\/v2\/pages\/33\/revisions\/174"}],"wp:attachment":[{"href":"http:\/\/kompetente-eltern.com\/index.php?rest_route=%2Fwp%2Fv2%2Fmedia&parent=33"}],"curies":[{"name":"wp","href":"https:\/\/api.w.org\/{rel}","templated":true}]}}